{"id":330,"date":"2018-07-11T08:48:22","date_gmt":"2018-07-11T06:48:22","guid":{"rendered":"https:\/\/caros-consulting.de\/wp\/?page_id=330"},"modified":"2018-08-06T22:56:43","modified_gmt":"2018-08-06T20:56:43","slug":"start","status":"publish","type":"page","link":"https:\/\/caros-consulting.de\/wp\/","title":{"rendered":"Start"},"content":{"rendered":"<p>[vc_row full_width=&#8220;stretch_row_content_no_spaces&#8220; seperator_enable=&#8220;seperator_enable_value&#8220; seperator_type=&#8220;tilt_left_seperator&#8220; seperator_position=&#8220;bottom_seperator&#8220; seperator_svg_height=&#8220;80&#8243; seperator_shape_background=&#8220;#ffffff&#8220;][vc_column][vc_single_image image=&#8220;769&#8243; img_size=&#8220;full&#8220;][\/vc_column][\/vc_row][vc_row css=&#8220;.vc_custom_1532602926512{padding-top: 30px !important;}&#8220;][vc_column][vc_column_text]<\/p>\n<h1 style=\"text-align: center;\">Potenziale entfalten<br \/>\ndurch Personaldiagnostik<\/h1>\n<p>[\/vc_column_text][vc_separator color=&#8220;custom&#8220; border_width=&#8220;4&#8243; el_width=&#8220;30&#8243; accent_color=&#8220;#8d2e7d&#8220; css=&#8220;.vc_custom_1531293699894{padding-top: 30px !important;padding-bottom: 30px !important;}&#8220;][\/vc_column][\/vc_row][vc_row][vc_column width=&#8220;1\/2&#8243;][vc_column_text css_animation=&#8220;none&#8220; css=&#8220;.vc_custom_1533111514058{padding-bottom: 10px !important;}&#8220;]<\/p>\n<h2><img loading=\"lazy\" decoding=\"async\" class=\"alignnone wp-image-344\" src=\"https:\/\/caros-consulting.de\/wp\/wp-content\/uploads\/2018\/07\/wuerfel_klein-150x150.jpg\" alt=\"\" width=\"70\" height=\"70\" \/><\/h2>\n<p>[\/vc_column_text][vc_column_text css=&#8220;.vc_custom_1533222805698{padding-bottom: 30px !important;}&#8220;]<\/p>\n<h3>Die Richtigen finden!<\/h3>\n<p>Bei der Personalauswahl geben wir Ihnen durch Assessment Center Entscheidungssicherheit. Wir unterst\u00fctzen Sie dabei, interne und externe Mitarbeiter nach Ihren Anforderungen zu beurteilen und optimal auszuw\u00e4hlen. Und reduzieren das Risiko von Fehlentscheidungen. Dazu setzen wir bew\u00e4hrte Instrumente der Personaldiagnostik ein. Und bringen eine wertsch\u00e4tzende Haltung gegen\u00fcber allen Beteiligten mit.[\/vc_column_text][\/vc_column][vc_column width=&#8220;1\/2&#8243;][vc_column_text css_animation=&#8220;none&#8220; css=&#8220;.vc_custom_1533111522598{padding-bottom: 10px !important;}&#8220;]<\/p>\n<h2><img loading=\"lazy\" decoding=\"async\" class=\"alignnone wp-image-344\" src=\"https:\/\/caros-consulting.de\/wp\/wp-content\/uploads\/2018\/07\/wuerfel_klein-150x150.jpg\" alt=\"\" width=\"70\" height=\"70\" \/><\/h2>\n<p>[\/vc_column_text][vc_column_text css=&#8220;.vc_custom_1533222820325{padding-bottom: 30px !important;}&#8220;]<\/p>\n<h3>F\u00fcr Sie sind wir mit Herzblut bei der Sache<\/h3>\n<p>Als Team erfahrener Experten im Bereich Personaldiagnostik sorgen wir mit Kompetenz und Fingerspitzengef\u00fchl daf\u00fcr, die F\u00e4higkeiten Ihrer Mitarbeiter mit den Anforderungen Ihres Unternehmens optimal in Einklang zu bringen. Der hiermit verbundenen Verantwortung sind wir uns bewusst. Wir haben sehr viel Freude an unserer T\u00e4tigkeit. Dass davon ein Funke auch auf Ihre Mitarbeiter \u00fcberspringt, ist unser Anspruch und unsere Motivation.[\/vc_column_text][\/vc_column][\/vc_row][vc_row full_width=&#8220;stretch_row_content_no_spaces&#8220; seperator_enable=&#8220;seperator_enable_value&#8220; seperator_type=&#8220;tilt_left_seperator&#8220; seperator_position=&#8220;top_bottom_seperator&#8220; seperator_svg_height=&#8220;80&#8243; css=&#8220;.vc_custom_1533111859493{margin-top: 30px !important;padding-bottom: 30px !important;}&#8220;][vc_column][vc_single_image image=&#8220;909&#8243; img_size=&#8220;full&#8220;][\/vc_column][\/vc_row][vc_row][vc_column][vc_column_text]<\/p>\n<h1 style=\"text-align: center;\">Unser Portfolio<\/h1>\n<p>[\/vc_column_text][vc_separator color=&#8220;custom&#8220; border_width=&#8220;4&#8243; el_width=&#8220;30&#8243; accent_color=&#8220;#8d2e7d&#8220; css=&#8220;.vc_custom_1531293699894{padding-top: 30px !important;padding-bottom: 30px !important;}&#8220;][\/vc_column][\/vc_row][vc_row][vc_column][vc_row_inner][vc_column_inner width=&#8220;1\/2&#8243;][vc_column_text css_animation=&#8220;none&#8220; css=&#8220;.vc_custom_1533115586127{padding-bottom: 30px !important;}&#8220;]<\/p>\n<h2><img loading=\"lazy\" decoding=\"async\" class=\"alignnone wp-image-344\" src=\"https:\/\/caros-consulting.de\/wp\/wp-content\/uploads\/2018\/07\/wuerfel_klein-150x150.jpg\" alt=\"\" width=\"70\" height=\"70\" \/><\/h2>\n<p>[\/vc_column_text][vc_column_text css_animation=&#8220;none&#8220; css=&#8220;.vc_custom_1533111952087{padding-bottom: 30px !important;}&#8220;]<\/p>\n<h2>Assessment Center<\/h2>\n<h3>Auswahl optimaler Bewerber<\/h3>\n<div class=\"column eightcol\">\n<p>Ein Assessment Center ist ein strukturiertes Personalauswahl- und Personalbewertungsverfahren, das dazu dient, Mitarbeiter zu rekrutieren und zu bewerten. In Einzel- oder Gruppentests werden F\u00e4higkeiten und Eigenschaften gepr\u00fcft, die f\u00fcr die zu besetzende Stelle wichtig sind. Meist werden dazu Situationen aus der Praxis nachgestellt, in denen sich die Teilnehmer des Assessment Centers behaupten m\u00fcssen.<\/p>\n<\/div>\n<p>[\/vc_column_text][\/vc_column_inner][vc_column_inner width=&#8220;1\/2&#8243;][vc_column_text css_animation=&#8220;none&#8220; css=&#8220;.vc_custom_1533111962848{padding-bottom: 30px !important;}&#8220;]<\/p>\n<h2><img loading=\"lazy\" decoding=\"async\" class=\"alignnone wp-image-344\" src=\"https:\/\/caros-consulting.de\/wp\/wp-content\/uploads\/2018\/07\/wuerfel_klein-150x150.jpg\" alt=\"\" width=\"70\" height=\"70\" \/><\/h2>\n<p>[\/vc_column_text][vc_column_text css_animation=&#8220;none&#8220;]<\/p>\n<h2>Development Center<\/h2>\n<h3>Potenzialanalyse interner Mitarbeiter<\/h3>\n<p>Im Mittelpunkt des Development Centers stehen die Entwicklung und individuelle F\u00f6rderung von Mitarbeitern. Es geht darum, Kompetenzen in Bezug auf eine zuk\u00fcnftige Position oder Aufgabe zu ermitteln. Hierzu werden die Mitarbeiter in realistische Situationen versetzt und im Umgang mit diesen bewertet. Das Verfahren erm\u00f6glicht es, St\u00e4rken und Entwicklungsm\u00f6glichkeiten zu analysieren und\u00a0 individuelle Lernziele festzulegen.[\/vc_column_text][\/vc_column_inner][\/vc_row_inner][vc_row_inner][vc_column_inner width=&#8220;1\/2&#8243; css=&#8220;.vc_custom_1532611815139{padding-top: 20px !important;}&#8220;][vc_btn title=&#8220;Mehr zum Thema Assessment Center&#8220; link=&#8220;url:https%3A%2F%2Fcaros-consulting.de%2Fwp%2Fassessment-center%2F|||&#8220;][\/vc_column_inner][vc_column_inner width=&#8220;1\/2&#8243; css=&#8220;.vc_custom_1532611831006{padding-top: 20px !important;}&#8220;][vc_btn title=&#8220;Mehr zum Thema Development Center&#8220; link=&#8220;url:https%3A%2F%2Fcaros-consulting.de%2Fwp%2Fdevelopmentcenter%2F|||&#8220;][\/vc_column_inner][\/vc_row_inner][\/vc_column][\/vc_row][vc_row full_width=&#8220;stretch_row_content_no_spaces&#8220; bg_type=&#8220;image&#8220; parallax_style=&#8220;vcpb-vz-jquery&#8220; bg_override=&#8220;ex-full&#8220; seperator_enable=&#8220;seperator_enable_value&#8220; seperator_type=&#8220;tilt_left_seperator&#8220; seperator_position=&#8220;top_bottom_seperator&#8220; seperator_svg_height=&#8220;80&#8243; seperator_shape_background=&#8220;#ffffff&#8220; css=&#8220;.vc_custom_1533111823391{margin-top: 30px !important;}&#8220;][vc_column][vc_single_image image=&#8220;844&#8243; img_size=&#8220;full&#8220;][\/vc_column][\/vc_row][vc_row bg_type=&#8220;bg_color&#8220; bg_override=&#8220;ex-full&#8220; seperator_enable=&#8220;seperator_enable_value&#8220; seperator_type=&#8220;tilt_left_seperator&#8220; seperator_position=&#8220;bottom_seperator&#8220; seperator_shape_background=&#8220;#ededed&#8220; bg_color_value=&#8220;#ffffff&#8220; css=&#8220;.vc_custom_1532612253882{padding-top: 70px !important;}&#8220;][vc_column][vc_column_text]<\/p>\n<h1 style=\"text-align: center;\">Individuelle Betreuung mit Herz und Verstand<\/h1>\n<p>[\/vc_column_text][vc_separator color=&#8220;custom&#8220; border_width=&#8220;4&#8243; el_width=&#8220;30&#8243; accent_color=&#8220;#8d2e7d&#8220; css=&#8220;.vc_custom_1532611206711{padding-top: 30px !important;padding-bottom: 30px !important;}&#8220;][vc_row_inner css=&#8220;.vc_custom_1532964056553{padding-bottom: 70px !important;}&#8220;][vc_column_inner width=&#8220;1\/2&#8243;][vc_column_text css_animation=&#8220;none&#8220; css=&#8220;.vc_custom_1533112017954{padding-bottom: 30px !important;}&#8220;]<\/p>\n<h2><img loading=\"lazy\" decoding=\"async\" class=\"alignnone wp-image-344\" src=\"https:\/\/caros-consulting.de\/wp\/wp-content\/uploads\/2018\/07\/wuerfel_klein-150x150.jpg\" alt=\"\" width=\"70\" height=\"70\" \/><\/h2>\n<p>[\/vc_column_text][vc_column_text css=&#8220;.vc_custom_1533112058619{padding-bottom: 30px !important;}&#8220;]<\/p>\n<h3>Flexibel, pers\u00f6nlich und professionell<\/h3>\n<p>Sichern Sie sich mit uns die Dienstleistungen eines kompetenten Consulting-Unternehmens und gleichzeitig die individuelle und pers\u00f6nliche Betreuung durch ein flexibles und engagiertes Team.<\/p>\n<p>Wir verf\u00fcgen \u00fcber langj\u00e4hrige berufliche Erfahrung in unterschiedlichen Wirtschaftsbereichen. Das sichert Ihnen einen professionellen und qualitativ hochwertigen Standard.[\/vc_column_text][\/vc_column_inner][vc_column_inner width=&#8220;1\/2&#8243;][vc_column_text css_animation=&#8220;none&#8220; css=&#8220;.vc_custom_1533115621113{padding-bottom: 30px !important;}&#8220;]<\/p>\n<h2><img loading=\"lazy\" decoding=\"async\" class=\"alignnone wp-image-344\" src=\"https:\/\/caros-consulting.de\/wp\/wp-content\/uploads\/2018\/07\/wuerfel_klein-150x150.jpg\" alt=\"\" width=\"70\" height=\"70\" \/><\/h2>\n<p>[\/vc_column_text][vc_column_text css=&#8220;.vc_custom_1533112065778{padding-bottom: 30px !important;}&#8220;]<\/p>\n<h3>St\u00e4rken, f\u00f6rdern und begeistern<\/h3>\n<p>Bei unserer Arbeit verfolgen wir einen st\u00e4rken- und entwicklungsorientierten Ansatz. Unser Ziel ist es, gemeinsam mit Ihnen L\u00f6sungen zu entwickeln und umzusetzen, die Ihre Mitarbeiter und Ihr Unternehmen erfolgreich weiterbringen.<\/p>\n<p>Lassen Sie sich von unserer Begeisterung anstecken &#8211; f\u00fcr das, was wir tun und f\u00fcr das, was wir f\u00fcr Sie erreichen![\/vc_column_text][\/vc_column_inner][\/vc_row_inner][\/vc_column][\/vc_row][vc_row bg_type=&#8220;bg_color&#8220; bg_override=&#8220;ex-full&#8220; seperator_enable=&#8220;seperator_enable_value&#8220; seperator_type=&#8220;tilt_left_seperator&#8220; seperator_svg_height=&#8220;80&#8243; seperator_shape_background=&#8220;#ededed&#8220; bg_color_value=&#8220;#ededed&#8220; css=&#8220;.vc_custom_1532960356229{padding-top: 30px !important;}&#8220;][vc_column css=&#8220;.vc_custom_1533589000472{padding-top: 15px !important;}&#8220;][vc_column_text css=&#8220;.vc_custom_1532960468113{padding-top: 30px !important;}&#8220;]<\/p>\n<h1 style=\"text-align: center;\">Eine Auswahl unserer Kunden<\/h1>\n<p>[\/vc_column_text][vc_separator color=&#8220;custom&#8220; border_width=&#8220;4&#8243; el_width=&#8220;30&#8243; accent_color=&#8220;#8d2e7d&#8220; css=&#8220;.vc_custom_1531293699894{padding-top: 30px !important;padding-bottom: 30px !important;}&#8220;][vc_row_inner css=&#8220;.vc_custom_1533111885258{padding-bottom: 30px !important;}&#8220;][vc_column_inner width=&#8220;1\/4&#8243;][\/vc_column_inner][vc_column_inner width=&#8220;2\/4&#8243;][vc_single_image image=&#8220;861&#8243; img_size=&#8220;full&#8220;][\/vc_column_inner][vc_column_inner width=&#8220;1\/4&#8243;][\/vc_column_inner][\/vc_row_inner][\/vc_column][\/vc_row][vc_row bg_type=&#8220;bg_color&#8220; bg_override=&#8220;ex-full&#8220; seperator_enable=&#8220;seperator_enable_value&#8220; seperator_type=&#8220;tilt_left_seperator&#8220; seperator_svg_height=&#8220;80&#8243; seperator_shape_background=&#8220;#ededed&#8220; bg_color_value=&#8220;#b0b0b0&#8243; css=&#8220;.vc_custom_1532427095084{padding-top: 100px !important;}&#8220;][vc_column][\/vc_column][\/vc_row]<\/p>\n","protected":false},"excerpt":{"rendered":"<p>[vc_row full_width=&#8220;stretch_row_content_no_spaces&#8220; seperator_enable=&#8220;seperator_enable_value&#8220; seperator_type=&#8220;tilt_left_seperator&#8220; seperator_position=&#8220;bottom_seperator&#8220; seperator_svg_height=&#8220;80&#8243; seperator_shape_background=&#8220;#ffffff&#8220;][vc_column][vc_single_image image=&#8220;769&#8243; img_size=&#8220;full&#8220;][\/vc_column][\/vc_row][vc_row css=&#8220;.vc_custom_1532602926512{padding-top: 30px !important;}&#8220;][vc_column][vc_column_text] Potenziale entfalten durch Personaldiagnostik [\/vc_column_text][vc_separator color=&#8220;custom&#8220; border_width=&#8220;4&#8243; el_width=&#8220;30&#8243; accent_color=&#8220;#8d2e7d&#8220; css=&#8220;.vc_custom_1531293699894{padding-top: 30px !important;padding-bottom: 30px !important;}&#8220;][\/vc_column][\/vc_row][vc_row][vc_column width=&#8220;1\/2&#8243;][vc_column_text css_animation=&#8220;none&#8220; css=&#8220;.vc_custom_1533111514058{padding-bottom: 10px !important;}&#8220;] [\/vc_column_text][vc_column_text css=&#8220;.vc_custom_1533222805698{padding-bottom: 30px !important;}&#8220;] Die Richtigen finden! Bei der Personalauswahl geben wir Ihnen durch Assessment Center Entscheidungssicherheit. Wir unterst\u00fctzen Sie dabei, interne und externe&hellip;<\/p>\n","protected":false},"author":1,"featured_media":502,"parent":0,"menu_order":0,"comment_status":"closed","ping_status":"closed","template":"","meta":{"footnotes":""},"class_list":["post-330","page","type-page","status-publish","has-post-thumbnail","hentry","description-off"],"yoast_head":"<!-- This site is optimized with the Yoast SEO plugin v22.8 - https:\/\/yoast.com\/wordpress\/plugins\/seo\/ -->\n<title>Start - Caros-Consulting<\/title>\n<meta name=\"description\" content=\"Professionelle Personaldiagnostik mit Assessment Center zur optimalen Bewerberauswahl und Development Center zur Potenzialentfaltung eigener Mitarbeiter.\" \/>\n<meta name=\"robots\" content=\"index, follow, max-snippet:-1, max-image-preview:large, max-video-preview:-1\" \/>\n<link rel=\"canonical\" href=\"https:\/\/caros-consulting.de\/wp\/\" \/>\n<meta property=\"og:locale\" content=\"de_DE\" \/>\n<meta property=\"og:type\" content=\"article\" \/>\n<meta property=\"og:title\" content=\"Start - Caros-Consulting\" \/>\n<meta property=\"og:description\" content=\"Professionelle Personaldiagnostik mit Assessment Center zur optimalen Bewerberauswahl und Development Center zur Potenzialentfaltung eigener Mitarbeiter.\" \/>\n<meta property=\"og:url\" content=\"https:\/\/caros-consulting.de\/wp\/\" \/>\n<meta property=\"og:site_name\" content=\"Caros-Consulting\" \/>\n<meta property=\"article:modified_time\" content=\"2018-08-06T20:56:43+00:00\" \/>\n<meta property=\"og:image\" content=\"https:\/\/caros-consulting.de\/wp\/wp-content\/uploads\/2018\/07\/start_top.jpg\" \/>\n\t<meta property=\"og:image:width\" content=\"2316\" \/>\n\t<meta property=\"og:image:height\" content=\"1188\" \/>\n\t<meta property=\"og:image:type\" content=\"image\/jpeg\" \/>\n<meta name=\"twitter:card\" content=\"summary_large_image\" \/>\n<meta name=\"twitter:label1\" content=\"Gesch\u00e4tzte Lesezeit\" \/>\n\t<meta name=\"twitter:data1\" content=\"6\u00a0Minuten\" \/>\n<script type=\"application\/ld+json\" class=\"yoast-schema-graph\">{\"@context\":\"https:\/\/schema.org\",\"@graph\":[{\"@type\":\"WebPage\",\"@id\":\"https:\/\/caros-consulting.de\/wp\/\",\"url\":\"https:\/\/caros-consulting.de\/wp\/\",\"name\":\"Start - Caros-Consulting\",\"isPartOf\":{\"@id\":\"https:\/\/caros-consulting.de\/wp\/#website\"},\"primaryImageOfPage\":{\"@id\":\"https:\/\/caros-consulting.de\/wp\/#primaryimage\"},\"image\":{\"@id\":\"https:\/\/caros-consulting.de\/wp\/#primaryimage\"},\"thumbnailUrl\":\"https:\/\/caros-consulting.de\/wp\/wp-content\/uploads\/2018\/07\/start_top.jpg\",\"datePublished\":\"2018-07-11T06:48:22+00:00\",\"dateModified\":\"2018-08-06T20:56:43+00:00\",\"description\":\"Professionelle Personaldiagnostik mit Assessment Center zur optimalen Bewerberauswahl und Development Center zur Potenzialentfaltung eigener Mitarbeiter.\",\"breadcrumb\":{\"@id\":\"https:\/\/caros-consulting.de\/wp\/#breadcrumb\"},\"inLanguage\":\"de\",\"potentialAction\":[{\"@type\":\"ReadAction\",\"target\":[\"https:\/\/caros-consulting.de\/wp\/\"]}]},{\"@type\":\"ImageObject\",\"inLanguage\":\"de\",\"@id\":\"https:\/\/caros-consulting.de\/wp\/#primaryimage\",\"url\":\"https:\/\/caros-consulting.de\/wp\/wp-content\/uploads\/2018\/07\/start_top.jpg\",\"contentUrl\":\"https:\/\/caros-consulting.de\/wp\/wp-content\/uploads\/2018\/07\/start_top.jpg\",\"width\":2316,\"height\":1188,\"caption\":\"Caros Consulting Simone Hartung\"},{\"@type\":\"BreadcrumbList\",\"@id\":\"https:\/\/caros-consulting.de\/wp\/#breadcrumb\",\"itemListElement\":[{\"@type\":\"ListItem\",\"position\":1,\"name\":\"Startseite\",\"item\":\"https:\/\/caros-consulting.de\/wp\/\"},{\"@type\":\"ListItem\",\"position\":2,\"name\":\"Start\"}]},{\"@type\":\"WebSite\",\"@id\":\"https:\/\/caros-consulting.de\/wp\/#website\",\"url\":\"https:\/\/caros-consulting.de\/wp\/\",\"name\":\"Caros-Consulting\",\"description\":\"Simone Hartung\",\"potentialAction\":[{\"@type\":\"SearchAction\",\"target\":{\"@type\":\"EntryPoint\",\"urlTemplate\":\"https:\/\/caros-consulting.de\/wp\/?s={search_term_string}\"},\"query-input\":\"required name=search_term_string\"}],\"inLanguage\":\"de\"}]}<\/script>\n<!-- \/ Yoast SEO plugin. -->","yoast_head_json":{"title":"Start - Caros-Consulting","description":"Professionelle Personaldiagnostik mit Assessment Center zur optimalen Bewerberauswahl und Development Center zur Potenzialentfaltung eigener Mitarbeiter.","robots":{"index":"index","follow":"follow","max-snippet":"max-snippet:-1","max-image-preview":"max-image-preview:large","max-video-preview":"max-video-preview:-1"},"canonical":"https:\/\/caros-consulting.de\/wp\/","og_locale":"de_DE","og_type":"article","og_title":"Start - Caros-Consulting","og_description":"Professionelle Personaldiagnostik mit Assessment Center zur optimalen Bewerberauswahl und Development Center zur Potenzialentfaltung eigener Mitarbeiter.","og_url":"https:\/\/caros-consulting.de\/wp\/","og_site_name":"Caros-Consulting","article_modified_time":"2018-08-06T20:56:43+00:00","og_image":[{"width":2316,"height":1188,"url":"https:\/\/caros-consulting.de\/wp\/wp-content\/uploads\/2018\/07\/start_top.jpg","type":"image\/jpeg"}],"twitter_card":"summary_large_image","twitter_misc":{"Gesch\u00e4tzte Lesezeit":"6\u00a0Minuten"},"schema":{"@context":"https:\/\/schema.org","@graph":[{"@type":"WebPage","@id":"https:\/\/caros-consulting.de\/wp\/","url":"https:\/\/caros-consulting.de\/wp\/","name":"Start - Caros-Consulting","isPartOf":{"@id":"https:\/\/caros-consulting.de\/wp\/#website"},"primaryImageOfPage":{"@id":"https:\/\/caros-consulting.de\/wp\/#primaryimage"},"image":{"@id":"https:\/\/caros-consulting.de\/wp\/#primaryimage"},"thumbnailUrl":"https:\/\/caros-consulting.de\/wp\/wp-content\/uploads\/2018\/07\/start_top.jpg","datePublished":"2018-07-11T06:48:22+00:00","dateModified":"2018-08-06T20:56:43+00:00","description":"Professionelle Personaldiagnostik mit Assessment Center zur optimalen Bewerberauswahl und Development Center zur Potenzialentfaltung eigener Mitarbeiter.","breadcrumb":{"@id":"https:\/\/caros-consulting.de\/wp\/#breadcrumb"},"inLanguage":"de","potentialAction":[{"@type":"ReadAction","target":["https:\/\/caros-consulting.de\/wp\/"]}]},{"@type":"ImageObject","inLanguage":"de","@id":"https:\/\/caros-consulting.de\/wp\/#primaryimage","url":"https:\/\/caros-consulting.de\/wp\/wp-content\/uploads\/2018\/07\/start_top.jpg","contentUrl":"https:\/\/caros-consulting.de\/wp\/wp-content\/uploads\/2018\/07\/start_top.jpg","width":2316,"height":1188,"caption":"Caros Consulting Simone Hartung"},{"@type":"BreadcrumbList","@id":"https:\/\/caros-consulting.de\/wp\/#breadcrumb","itemListElement":[{"@type":"ListItem","position":1,"name":"Startseite","item":"https:\/\/caros-consulting.de\/wp\/"},{"@type":"ListItem","position":2,"name":"Start"}]},{"@type":"WebSite","@id":"https:\/\/caros-consulting.de\/wp\/#website","url":"https:\/\/caros-consulting.de\/wp\/","name":"Caros-Consulting","description":"Simone Hartung","potentialAction":[{"@type":"SearchAction","target":{"@type":"EntryPoint","urlTemplate":"https:\/\/caros-consulting.de\/wp\/?s={search_term_string}"},"query-input":"required name=search_term_string"}],"inLanguage":"de"}]}},"_links":{"self":[{"href":"https:\/\/caros-consulting.de\/wp\/wp-json\/wp\/v2\/pages\/330","targetHints":{"allow":["GET"]}}],"collection":[{"href":"https:\/\/caros-consulting.de\/wp\/wp-json\/wp\/v2\/pages"}],"about":[{"href":"https:\/\/caros-consulting.de\/wp\/wp-json\/wp\/v2\/types\/page"}],"author":[{"embeddable":true,"href":"https:\/\/caros-consulting.de\/wp\/wp-json\/wp\/v2\/users\/1"}],"replies":[{"embeddable":true,"href":"https:\/\/caros-consulting.de\/wp\/wp-json\/wp\/v2\/comments?post=330"}],"version-history":[{"count":244,"href":"https:\/\/caros-consulting.de\/wp\/wp-json\/wp\/v2\/pages\/330\/revisions"}],"predecessor-version":[{"id":929,"href":"https:\/\/caros-consulting.de\/wp\/wp-json\/wp\/v2\/pages\/330\/revisions\/929"}],"wp:featuredmedia":[{"embeddable":true,"href":"https:\/\/caros-consulting.de\/wp\/wp-json\/wp\/v2\/media\/502"}],"wp:attachment":[{"href":"https:\/\/caros-consulting.de\/wp\/wp-json\/wp\/v2\/media?parent=330"}],"curies":[{"name":"wp","href":"https:\/\/api.w.org\/{rel}","templated":true}]}}